{"id":380,"date":"2023-10-05T16:39:48","date_gmt":"2023-10-05T16:39:48","guid":{"rendered":"https:\/\/alternate-attax.de\/?page_id=380"},"modified":"2025-03-13T22:45:38","modified_gmt":"2025-03-13T21:45:38","slug":"imprint","status":"publish","type":"page","link":"https:\/\/alternate-attax.de\/en\/imprint","title":{"rendered":"Imprint"},"content":{"rendered":"<h2 style=\"margin-top: 0cm; background: white;\"><span style=\"font-family: 'arial black', sans-serif;\"><strong><span style=\"color: #333333; font-size: 28px;\">Angaben gem\u00e4\u00df \u00a7 5 TMG<\/span><\/strong><\/span><\/h2>\n<p style=\"margin: 0cm; background: white;\"><span style=\"font-family: arial, helvetica, sans-serif; color: #333333; font-size: 14px;\"><span style=\"font-family: 'arial black', sans-serif;\">AVITOS GmbH<\/span><br \/>\nc\/o ALTERNATE aTTaX<\/span><\/p>\n<p style=\"margin: 0cm; background: white;\"><span style=\"font-size: 14px;\"><span style=\"font-family: arial, helvetica, sans-serif; color: #333333;\">Halskestr. 1<br \/>\n40880 Ratingen<br \/>\n<\/span><span style=\"font-family: arial, helvetica, sans-serif; color: #333333;\"><em><br \/>\n<\/em><\/span><\/span><\/p>\n<p style=\"margin: 0cm; background: white;\"><span style=\"font-size: 14px; font-family: 'arial black', sans-serif;\">Vertreten durch<\/span><\/p>\n<p style=\"margin: 0cm; background: white;\"><span style=\"font-size: 14px; font-family: arial, helvetica, sans-serif;\"><em><span style=\"color: #333333;\">Lennart Kreuter<\/span><\/em><\/span><\/p>\n<p>&nbsp;<\/p>\n<p style=\"margin: 0cm; background: white;\"><span style=\"font-size: 14px; font-family: arial, helvetica, sans-serif;\"><span style=\"color: #333333;\"><span style=\"font-family: 'arial black', sans-serif;\">Contact<\/span><br \/>\n<\/span><span style=\"color: #333333;\">Telefon: <em>+49 (0)6403 \/ 9050 \u2013 2196<\/em><br \/>\nE-Mail: <em>info@alternate-attax.de<\/em><\/span><\/span><\/p>\n<p>&nbsp;<\/p>\n<p style=\"margin: 0cm; background: white;\"><span style=\"font-family: 'arial black', sans-serif; font-size: 14px;\">Registereintrag<\/span><br \/>\n<span style=\"font-family: arial, helvetica, sans-serif; font-size: 14px;\">Handelsregister:\u00a0<em>HRB 28120<\/em><\/span><br \/>\n<span style=\"font-family: arial, helvetica, sans-serif; font-size: 14px;\">Registergericht:\u00a0<em>Dresden<\/em><\/span><\/p>\n<p>&nbsp;<\/p>\n<p style=\"margin: 0cm; background: white;\"><span style=\"font-family: 'arial black', sans-serif; font-size: 14px;\">Umsatzsteuer-ID<\/span><br \/>\n<span style=\"font-family: arial, helvetica, sans-serif; font-size: 14px;\">Umsatzsteuer-Identifikationsnummer gem\u00e4\u00df \u00a7 27 a Umsatzsteuergesetz:<\/span><br \/>\n<span style=\"font-family: arial, helvetica, sans-serif; font-size: 14px;\"><em>DE266987413<\/em><\/span><\/p>\n<p>&nbsp;<\/p>\n<p style=\"margin: 0cm; background: white;\"><span style=\"font-family: 'arial black', sans-serif; font-size: 14px;\">Verantwortlichkeit f\u00fcr Links<\/span><br \/>\n<span style=\"font-family: arial, helvetica, sans-serif; font-size: 14px;\">F\u00fcr den Inhalt externer Links (zu Webseiten Dritter) sind ausschlie\u00dflich deren Betreiber verantwortlich. Zum Zeitpunkt der Verlinkung waren f\u00fcr uns keine Rechtsverst\u00f6\u00dfe ersichtlich. Bei Bekanntwerden von Rechtsverst\u00f6\u00dfen werden wir den entsprechenden Link umgehend entfernen.<\/span><\/p>\n<p>&nbsp;<\/p>\n<p style=\"margin: 0cm; background: white;\"><span style=\"font-family: 'arial black', sans-serif; font-size: 14px;\">EU-Streitschlichtung<\/span><br \/>\n<span style=\"font-family: arial, helvetica, sans-serif; font-size: 14px;\">Die Europ\u00e4ische Kommission stellt eine Plattform zur Online-Streitbeilegung (OS) bereit: https:\/\/ec.europa.eu\/consumers\/odr\/. Unsere E-Mail-Adresse finden Sie oben im Impressum.<\/span><\/p>\n<p>&nbsp;<\/p>\n<p style=\"margin: 0cm; background: white;\"><span style=\"font-family: 'arial black', sans-serif; font-size: 14px;\">Verbraucherstreitbeilegung\/Universalschlichtungsstelle<\/span><br \/>\n<span style=\"font-family: arial, helvetica, sans-serif; font-size: 14px;\">Wir sind nicht bereit oder verpflichtet, an Streitbeilegungsverfahren vor einer Verbraucherschlichtungsstelle teilzunehmen.<\/span><\/p>\n<p>&nbsp;<\/p>\n<hr \/>\n<h2 style=\"margin: 0cm; background: white;\"><span style=\"font-family: arial, helvetica, sans-serif; font-size: 28px;\">Dieses Impressum gilt auch f\u00fcr folgende Social Media Profile:<\/span><\/h2>\n<p style=\"margin: 0cm; background: white;\"><span style=\"font-family: arial, helvetica, sans-serif; font-size: 14px;\"><br \/>\n<span style=\"font-family: 'arial black', sans-serif;\">melestae<\/span><br \/>\n<a href=\"http:\/\/twitch.tv\/melestae\">Twitch<\/a> \/ <a href=\"https:\/\/x.com\/melestae\">Twitter (X)<\/a> \/ <a href=\"mailto:info@alternate-attax.de\">Contact<\/a><\/span><\/p>\n<p><span style=\"font-family: 'arial black', sans-serif; font-size: 14px;\">ginger<\/span><br \/>\n<span style=\"font-family: arial, helvetica, sans-serif; font-size: 14px;\"><a href=\"https:\/\/www.twitch.tv\/gingervlr\">Twitch<\/a> \/ <a href=\"https:\/\/x.com\/gingerVLRNT\">Twitter (X)<\/a> \/ <a href=\"http:\/\/www.youtube.com\/@dschindscher\">YouTube<\/a> \/ <a href=\"https:\/\/www.instagram.com\/dschindscher\/\">Instagram<\/a> \/ <a href=\"https:\/\/www.tiktok.com\/@dschindscher\">TikTok<\/a> \/ <a href=\"mailto:info@alternate-attax.de\">Contact<\/a><\/span><br \/>\n<span style=\"font-family: arial, helvetica, sans-serif; font-size: 14px;\"><span style=\"font-family: 'arial black', sans-serif;\">Blossi<\/span><br \/>\n<a href=\"https:\/\/www.twitch.tv\/blossi\">Twitch<\/a> \/ <a href=\"https:\/\/x.com\/BliBlossom\">Twitter (X)<\/a> \/ <a href=\"https:\/\/www.instagram.com\/blossomgx\/\">Instagram<\/a> \/ <a href=\"https:\/\/www.tiktok.com\/@blossihere\">TikTok<\/a> \/ <a href=\"mailto:info@alternate-attax.de\">Contact<\/a><\/span><\/p>","protected":false},"excerpt":{"rendered":"<p>Angaben gem\u00e4\u00df \u00a7 5 TMG AVITOS GmbH c\/o ALTERNATE aTTaX Halskestr. 1 40880 Ratingen Vertreten durch Lennart Kreuter &nbsp; Kontakt Telefon: +49 (0)6403 \/ 9050 \u2013 2196 E-Mail: info@alternate-attax.de &nbsp;&hellip;<\/p>","protected":false},"author":1,"featured_media":7,"parent":0,"menu_order":0,"comment_status":"closed","ping_status":"closed","template":"template-parts\/imprint.php","meta":{"inline_featured_image":false,"_monsterinsights_skip_tracking":false,"_monsterinsights_sitenote_active":false,"_monsterinsights_sitenote_note":"","_monsterinsights_sitenote_category":0,"footnotes":""},"class_list":["post-380","page","type-page","status-publish","has-post-thumbnail","hentry"],"acf":[],"_links":{"self":[{"href":"https:\/\/alternate-attax.de\/en\/wp-json\/wp\/v2\/pages\/380","targetHints":{"allow":["GET"]}}],"collection":[{"href":"https:\/\/alternate-attax.de\/en\/wp-json\/wp\/v2\/pages"}],"about":[{"href":"https:\/\/alternate-attax.de\/en\/wp-json\/wp\/v2\/types\/page"}],"author":[{"embeddable":true,"href":"https:\/\/alternate-attax.de\/en\/wp-json\/wp\/v2\/users\/1"}],"replies":[{"embeddable":true,"href":"https:\/\/alternate-attax.de\/en\/wp-json\/wp\/v2\/comments?post=380"}],"version-history":[{"count":17,"href":"https:\/\/alternate-attax.de\/en\/wp-json\/wp\/v2\/pages\/380\/revisions"}],"predecessor-version":[{"id":1067,"href":"https:\/\/alternate-attax.de\/en\/wp-json\/wp\/v2\/pages\/380\/revisions\/1067"}],"wp:featuredmedia":[{"embeddable":true,"href":"https:\/\/alternate-attax.de\/en\/wp-json\/wp\/v2\/media\/7"}],"wp:attachment":[{"href":"https:\/\/alternate-attax.de\/en\/wp-json\/wp\/v2\/media?parent=380"}],"curies":[{"name":"wp","href":"https:\/\/api.w.org\/{rel}","templated":true}]}}