{"id":1034,"date":"2024-12-17T01:06:47","date_gmt":"2024-12-17T00:06:47","guid":{"rendered":"https:\/\/alternate-attax.de\/?page_id=1034"},"modified":"2024-12-17T01:08:15","modified_gmt":"2024-12-17T00:08:15","slug":"teilnahmebedingungen","status":"publish","type":"page","link":"https:\/\/alternate-attax.de\/en\/teilnahmebedingungen","title":{"rendered":"Teilnahmebedingungen"},"content":{"rendered":"<p style=\"text-align: justify;\"><span style=\"font-size: 12px;\">Teilnahmebedingungen: &#8220;ALTERNATE aTTaX Showdown Gewinnspiel<\/span><\/p>\n<p style=\"text-align: justify;\"><span style=\"font-size: 12px;\">Dieses Gewinnspiel wird von ALTERNATE aTTaX (AVITOS GmbH), Halskestr. 1, 40880 Ratingen, veranstaltet.<\/span><\/p>\n<h4 style=\"text-align: justify;\"><span style=\"font-size: 20px;\">\u00a7 1 Teilnahmeberechtigung<\/span><\/h4>\n<p style=\"text-align: justify;\"><span style=\"font-size: 12px;\">Teilnahmeberechtigt sind Personen, die das 16. Lebensjahr vollendet haben, die ihren Wohnsitz in Deutschland haben und an dem vorbenannten Gewinnspiel teilnehmen. Mitarbeiter der Firma ALTERNATE GmbH, ihre Angeh\u00f6rigen und andere an der Durchf\u00fchrung des Gewinnspiels oder Aktion beteiligte Personen sind von der Teilnahme ausgeschlossen.<\/span><\/p>\n<h4 style=\"text-align: justify;\"><span style=\"font-size: 20px;\">\u00a7 2 Durchf\u00fchrung des Gewinnspiels<\/span><\/h4>\n<p style=\"text-align: justify;\"><span style=\"font-size: 12px;\">Zur Teilnahme am &#8220;ALTERNATE aTTaX Showdown Gewinnspiel&#8221; muss dem @ATNaTTaX X-Account gefolgt, der Gewinnspiel-Post (URL) geliket sowie kommentiert werden. <\/span><span style=\"font-size: 12px;\">Die Teilnahme ist bis zum 26.12.2024, 23:59 Uhr m\u00f6glich. Die Gewinnerin \/ der Gewinner werden nach dem Zufallsprinzip ermittelt. Mit dem Folgen und Liken erkl\u00e4ren sich die Nutzerinnen &amp; Nutzer mit diesen Teilnahmebedingungen einverstanden. <\/span><span style=\"font-size: 12px;\">Es wird ausdr\u00fccklich darauf hingewiesen, dass X (ehemals Twitter) mit dem Gewinnspiel in keinerlei Verbindung steht und dieses weder sponsert, unterst\u00fctzt oder organisiert. X (ehemals Twitter) steht nicht als Ansprechpartner f\u00fcr dieses Gewinnspiel zur Verf\u00fcgung.<\/span><\/p>\n<p style=\"text-align: justify;\"><span style=\"font-size: 12px;\">Am Gewinnspiel k\u00f6nnen nur \u00f6ffentlich sichtbare Fotos und Profile teilnehmen. ALTERNATE aTTaX wird den Gewinner \/ die Gewinnerin mittels einer Privatnachricht auf X (ehemals Twitter) kontaktieren. Nach der Bekanntgabe des Gewinners \/ der Gewinnerin, ist diese\/r aufgefordert, innerhalb der n\u00e4chsten 20 Tage seine Adressdaten zu antworten. Daf\u00fcr muss der X-Account benutzt werden, mit dem am Gewinnspiel teilgenommen wurde. Andernfalls besteht kein Anspruch auf den Gewinn. <\/span><span style=\"font-size: 12px;\">Sollte dies nicht innerhalb von 20 Tagen erfolgen, verf\u00e4llt der Anspruch auf den Gewinn ersatzlos. Die \u00dcbergabe des Gewinns erfolgt auf dem postalischen Weg. Die Teilnahme am Gewinnspiel ist kostenlos.\u00a0<\/span><\/p>\n<h4 style=\"text-align: justify;\"><span style=\"font-size: 20px;\">\u00a7 3 Gewinne<\/span><\/h4>\n<h6 style=\"text-align: justify;\"><span style=\"font-size: 14px;\"><strong>1.-2. Preis:<\/strong><\/span><\/h6>\n<p style=\"text-align: justify;\"><span style=\"font-size: 12px;\">1x AMD Ryzen 7 9800X3D (ALTERNATE.de ArtNr: 100093605)<\/span><\/p>\n<h6 style=\"text-align: justify;\"><span style=\"font-size: 14px;\"><strong>3. Preis:<\/strong><\/span><\/h6>\n<p style=\"text-align: justify;\"><span style=\"font-size: 12px;\">1x Sharkoon SKILLER SGS30 Gaming-Stuhl (ALTERNATE.de ArtNr: 1764066)<\/span><\/p>\n<h6 style=\"text-align: justify;\"><span style=\"font-size: 14px;\">4.-5. Preis:<\/span><\/h6>\n<p style=\"text-align: justify;\"><span style=\"font-size: 12px;\">1x FireCuda 530R 1TB (ALTERNATE.de ArtNr: 100092830)<\/span><\/p>\n<h6 style=\"text-align: justify;\"><span style=\"font-size: 14px;\">6.-7. Preis:<\/span><\/h6>\n<p style=\"text-align: justify;\"><span style=\"font-size: 12px;\">1x G.SKILL DDR5-6000 32GB (2x16GB) RAM-Kit (CL30) (ALTERNATE ArtNr: 1868812)<\/span><\/p>\n<h6 style=\"text-align: justify;\"><span style=\"font-size: 14px;\">8. Preis:<\/span><\/h6>\n<p style=\"text-align: justify;\"><span style=\"font-size: 12px;\">1x ENDORFY Thock 75% Wireless + LIV Plus Wireless + VIRO Plus USB + Solum Studio (ALTERNATE.de ArtNr: 1902000, 100062017, 1878287, 1878304)<\/span><\/p>\n<h6 style=\"text-align: justify;\"><span style=\"font-size: 14px;\">9. Preis:<\/span><\/h6>\n<p style=\"text-align: justify;\"><span style=\"font-size: 12px;\">1x be quiet! Light Base 600 LX + Light Loop 360mm (ALTERNATE ArtNr: 100065176, 100077252)<\/span><\/p>\n<h6 style=\"text-align: justify;\"><span style=\"font-size: 14px;\">10.-12. Preis:<\/span><\/h6>\n<p style=\"text-align: justify;\"><span style=\"font-size: 12px;\">1x 50\u20ac ALTERNATE Gutschein<\/span><\/p>\n<p style=\"text-align: justify;\"><span style=\"font-size: 12px;\">Der Gewinn ist weder umtauschbar noch \u00fcbertragbar. Die Erteilung einer Gutschrift oder eine Auszahlung des Gewinns in bar ist nicht m\u00f6glich. Ein gesetzlicher Gew\u00e4hrleistungsanspruch sowie ein Anspruch auf die Herstellergarantie werden f\u00fcr die Gewinne nicht gew\u00e4hrt. Der Gewinner \/ die Gewinnerin hat sich an den Hersteller zu wenden, sollte der Gewinn innerhalb der vom Hersteller vorgegebenen Garantiezeit zum Garantiefall werden. ALTERNATE aTTaX kann nicht garantieren, dass den Garantieanspr\u00fcchen gegen\u00fcber dem Hersteller stattgegeben wird. Die Anerkennung eines Garantiefalles obliegt alleine dem Hersteller, ebenso ob eine Kulanzabwicklung angeboten wird. Der Gewinn wird ohne Rechnung und Lieferschein ausgeliefert und es wird auch auf Wunsch keine Rechnung bzw. kein Lieferschein angefertigt.<\/span><\/p>\n<h4 style=\"text-align: justify;\"><span style=\"font-size: 20px;\">\u00a7 4 Datenschutz<\/span><\/h4>\n<p style=\"text-align: justify;\"><span style=\"font-size: 12px;\">Die datenschutzrechtlichen Vorgaben werden bei der Erhebung, Verarbeitung und Nutzung der personenbezogenen Daten des Teilnehmers stets von ALTERNATE aTTaX beachtet. Mit der Teilnahme an dem Gewinnspiel stimmt die teilnehmende Person einer Speicherung und Verwendung ihrer personenbezogenen Daten zur Durchf\u00fchrung und Abwicklung des Gewinnspiels durch ALTERNATE aTTaX zu. Die personenbezogenen Daten werden nicht f\u00fcr Werbezwecke verwendet oder gespeichert. Der \/ Die Teilnehmende kann die Einwilligung w\u00e4hrend der Durchf\u00fchrung des Gewinnspiels jederzeit widerrufen und somit von der Teilnahme am Gewinnspiel zur\u00fcckzutreten. Der Widerruf ist zu richten an: info@alternate-attax.de\u00a0<\/span><\/p>\n<h4 style=\"text-align: justify;\"><span style=\"font-size: 20px;\">\u00a7 5 Ausschluss vom Gewinnspiel<\/span><\/h4>\n<p style=\"text-align: justify;\"><span style=\"font-size: 12px;\">ALTERNATE aTTaX kann Teilnehmer von diesem Gewinnspiel ausschlie\u00dfen, die gegen die Teilnahmebedingungen versto\u00dfen, unrichtige Personenangaben machen oder versuchen an einem Gewinnspiel mehrfach teilzunehmen. Liegt ein Ausschlussgrund vor, kann ALTERNATE aTTaX Gewinne aberkennen und bereits ausgeh\u00e4ndigte Gewinne zur\u00fcckzufordern.<\/span><\/p>\n<h4 style=\"text-align: justify;\"><span style=\"font-size: 20px;\">\u00a7 6 Sonstiges<\/span><\/h4>\n<p style=\"text-align: justify;\"><span style=\"font-size: 12px;\">Der Rechtsweg ist ausgeschlossen. Es findet ausschlie\u00dflich das Recht der Bundesrepublik Deutschland Anwendung. ALTERNATE aTTaX ist berechtigt, jederzeit das Gewinnspiel vorzeitig zu beenden. Bei Unwirksamkeit einer Bestimmung dieser Teilnahmebedingungen wird die G\u00fcltigkeit der \u00fcbrigen Bestimmungen nicht ber\u00fchrt. Die Teilnahmebedingungen zu diesem Gewinnspiel d\u00fcrfen jederzeit, ohne Vorank\u00fcndigung und Angaben von Gr\u00fcnden, ge\u00e4ndert werden. Erg\u00e4nzungen und Ver\u00e4nderungen bed\u00fcrfen zu ihrer Wirksamkeit der Schriftform.<\/span><\/p>\n<p style=\"text-align: justify;\"><span style=\"font-size: 12px;\">Stand:\u00a0Dezember 2024<\/span><\/p>","protected":false},"excerpt":{"rendered":"<p>Teilnahmebedingungen: &#8220;ALTERNATE aTTaX Showdown Gewinnspiel Dieses Gewinnspiel wird von ALTERNATE aTTaX (AVITOS GmbH), Halskestr. 1, 40880 Ratingen, veranstaltet. \u00a7 1 Teilnahmeberechtigung Teilnahmeberechtigt sind Personen, die das 16. Lebensjahr vollendet haben,&hellip;<\/p>","protected":false},"author":2,"featured_media":557,"parent":0,"menu_order":0,"comment_status":"closed","ping_status":"closed","template":"template-parts\/policy.php","meta":{"inline_featured_image":false,"_monsterinsights_skip_tracking":false,"_monsterinsights_sitenote_active":false,"_monsterinsights_sitenote_note":"","_monsterinsights_sitenote_category":0,"footnotes":""},"class_list":["post-1034","page","type-page","status-publish","has-post-thumbnail","hentry"],"acf":[],"_links":{"self":[{"href":"https:\/\/alternate-attax.de\/en\/wp-json\/wp\/v2\/pages\/1034","targetHints":{"allow":["GET"]}}],"collection":[{"href":"https:\/\/alternate-attax.de\/en\/wp-json\/wp\/v2\/pages"}],"about":[{"href":"https:\/\/alternate-attax.de\/en\/wp-json\/wp\/v2\/types\/page"}],"author":[{"embeddable":true,"href":"https:\/\/alternate-attax.de\/en\/wp-json\/wp\/v2\/users\/2"}],"replies":[{"embeddable":true,"href":"https:\/\/alternate-attax.de\/en\/wp-json\/wp\/v2\/comments?post=1034"}],"version-history":[{"count":8,"href":"https:\/\/alternate-attax.de\/en\/wp-json\/wp\/v2\/pages\/1034\/revisions"}],"predecessor-version":[{"id":1042,"href":"https:\/\/alternate-attax.de\/en\/wp-json\/wp\/v2\/pages\/1034\/revisions\/1042"}],"wp:featuredmedia":[{"embeddable":true,"href":"https:\/\/alternate-attax.de\/en\/wp-json\/wp\/v2\/media\/557"}],"wp:attachment":[{"href":"https:\/\/alternate-attax.de\/en\/wp-json\/wp\/v2\/media?parent=1034"}],"curies":[{"name":"wp","href":"https:\/\/api.w.org\/{rel}","templated":true}]}}